{"id":1781,"date":"2022-02-16T15:58:33","date_gmt":"2022-02-16T14:58:33","guid":{"rendered":"http:\/\/chognard-architectes.com\/?page_id=1781"},"modified":"2025-11-10T14:40:53","modified_gmt":"2025-11-10T13:40:53","slug":"c-93-clichy","status":"publish","type":"page","link":"https:\/\/actstudioarchitecture.com\/index.php\/c-93-clichy\/","title":{"rendered":"C-93-CLICHY"},"content":{"rendered":"<p>[et_pb_section fb_built=\u00a0\u00bb1&Prime; _builder_version=\u00a0\u00bb4.16&Prime; _module_preset=\u00a0\u00bbdefault\u00a0\u00bb custom_margin_tablet=\u00a0\u00bb100px||||false|false\u00a0\u00bb custom_margin_phone=\u00a0\u00bb100px||||false|false\u00a0\u00bb custom_margin_last_edited=\u00a0\u00bbon|tablet\u00a0\u00bb animation_style=\u00a0\u00bbfade\u00a0\u00bb animation_duration=\u00a0\u00bb1300ms\u00a0\u00bb saved_tabs=\u00a0\u00bball\u00a0\u00bb global_colors_info=\u00a0\u00bb{}\u00a0\u00bb][et_pb_row column_structure=\u00a0\u00bb1_3,2_3&Prime; _builder_version=\u00a0\u00bb4.16&Prime; _module_preset=\u00a0\u00bbdefault\u00a0\u00bb width=\u00a0\u00bb100%\u00a0\u00bb max_width=\u00a0\u00bb2560px\u00a0\u00bb module_alignment=\u00a0\u00bbcenter\u00a0\u00bb global_colors_info=\u00a0\u00bb{}\u00a0\u00bb][et_pb_column type=\u00a0\u00bb1_3&Prime; _builder_version=\u00a0\u00bb4.16&Prime; _module_preset=\u00a0\u00bbdefault\u00a0\u00bb custom_padding=\u00a0\u00bb6vh|4%||4%|false|false\u00a0\u00bb custom_padding_tablet=\u00a0\u00bb50px|15%||15%|false|true\u00a0\u00bb custom_padding_phone=\u00a0\u00bb50px|15%||15%|false|true\u00a0\u00bb custom_padding_last_edited=\u00a0\u00bbon|desktop\u00a0\u00bb custom_css_main_element=\u00a0\u00bbposition:fixed;||top:100px;||||\u00a0\u00bb global_colors_info=\u00a0\u00bb{}\u00a0\u00bb custom_css_main_element_last_edited=\u00a0\u00bbon|phone\u00a0\u00bb custom_css_main_element_tablet=\u00a0\u00bbfloat:left;\u00a0\u00bb custom_css_main_element_phone=\u00a0\u00bbfloat:left;\u00a0\u00bb][et_pb_text _builder_version=\u00a0\u00bb4.27.4&Prime; _module_preset=\u00a0\u00bbdefault\u00a0\u00bb text_font_size=\u00a0\u00bb40px\u00a0\u00bb custom_margin=\u00a0\u00bb0px||||false|false\u00a0\u00bb custom_padding=\u00a0\u00bb||0px|||\u00a0\u00bb custom_css_main_element=\u00a0\u00bbposition:relative;\u00a0\u00bb custom_css_after=\u00a0\u00bbposition:absolute;||bottom:-25px;||left:0;||content:%22%22;||width:20%;||height:1px;||background:#5a564c;\u00a0\u00bb global_colors_info=\u00a0\u00bb{}\u00a0\u00bb]<\/p>\n<p>N-83<\/p>\n<p>[\/et_pb_text][et_pb_text _builder_version=\u00a0\u00bb4.27.4&Prime; _module_preset=\u00a0\u00bbdefault\u00a0\u00bb text_text_color=\u00a0\u00bb#191615&Prime; text_font_size=\u00a0\u00bb12px\u00a0\u00bb text_line_height=\u00a0\u00bb0.1em\u00a0\u00bb header_text_color=\u00a0\u00bb#5a564c\u00a0\u00bb header_font_size=\u00a0\u00bb11px\u00a0\u00bb min_height=\u00a0\u00bb16.6px\u00a0\u00bb custom_margin=\u00a0\u00bb57px||||false|false\u00a0\u00bb custom_padding=\u00a0\u00bb0px||||false|false\u00a0\u00bb global_colors_info=\u00a0\u00bb{}\u00a0\u00bb]<\/p>\n<h1>Ann\u00e9e de construction<\/h1>\n<p>2025<\/p>\n<p>[\/et_pb_text][et_pb_text _builder_version=\u00a0\u00bb4.27.4&Prime; _module_preset=\u00a0\u00bbdefault\u00a0\u00bb text_text_color=\u00a0\u00bb#191615&Prime; text_font_size=\u00a0\u00bb12px\u00a0\u00bb text_line_height=\u00a0\u00bb0.1em\u00a0\u00bb header_text_color=\u00a0\u00bb#5a564c\u00a0\u00bb header_font_size=\u00a0\u00bb11px\u00a0\u00bb min_height=\u00a0\u00bb38.4px\u00a0\u00bb custom_margin=\u00a0\u00bb20px||||false|false\u00a0\u00bb custom_padding=\u00a0\u00bb0px||||false|false\u00a0\u00bb global_colors_info=\u00a0\u00bb{}\u00a0\u00bb]<\/p>\n<h1>Intervention<\/h1>\n<p>R\u00e9habilitation d&rsquo;un Appartement<\/p>\n<p>[\/et_pb_text][et_pb_text _builder_version=\u00a0\u00bb4.27.4&Prime; _module_preset=\u00a0\u00bbdefault\u00a0\u00bb text_text_color=\u00a0\u00bb#191615&Prime; text_font_size=\u00a0\u00bb12px\u00a0\u00bb text_line_height=\u00a0\u00bb1.3em\u00a0\u00bb header_text_color=\u00a0\u00bb#5a564c\u00a0\u00bb header_font_size=\u00a0\u00bb11px\u00a0\u00bb header_line_height=\u00a0\u00bb0.1em\u00a0\u00bb text_orientation=\u00a0\u00bbjustified\u00a0\u00bb width=\u00a0\u00bb100%\u00a0\u00bb width_tablet=\u00a0\u00bb100%\u00a0\u00bb width_phone=\u00a0\u00bb100%\u00a0\u00bb width_last_edited=\u00a0\u00bbon|desktop\u00a0\u00bb custom_margin=\u00a0\u00bb20px||||false|false\u00a0\u00bb custom_padding=\u00a0\u00bb0px|0%|||false|false\u00a0\u00bb custom_padding_tablet=\u00a0\u00bb0px|0%|||false|false\u00a0\u00bb custom_padding_phone=\u00a0\u00bb0px|0%|||false|false\u00a0\u00bb custom_padding_last_edited=\u00a0\u00bbon|desktop\u00a0\u00bb global_colors_info=\u00a0\u00bb{}\u00a0\u00bb]<\/p>\n<p>Au c\u0153ur du vieux village trop\u00e9zien, les architectes Chognard &amp; Trifilo signent la r\u00e9habilitation compl\u00e8te d\u2019un appartement de prestige, en collaboration \u00e9troite avec l\u2019artiste peintre Sandra Hauffscheteder.<br \/>Cette rencontre entre architecture et art contemporain a donn\u00e9 naissance \u00e0 un lieu rare, \u00e0 la fois \u00e9pur\u00e9, lumineux et profond\u00e9ment ancr\u00e9 dans l\u2019esprit m\u00e9diterran\u00e9en.<\/p>\n<p>Pens\u00e9 comme un dialogue entre mati\u00e8res et \u00e9motions, le projet allie la rigueur du dessin architectural \u00e0 la sensibilit\u00e9 picturale. Les architectes ont repens\u00e9 la distribution int\u00e9rieure pour ouvrir les volumes et laisser la lumi\u00e8re naturelle traverser l\u2019ensemble de l\u2019appartement. Les teintes claires, les enduits min\u00e9raux, le ch\u00eane blond et les finitions sur mesure cr\u00e9ent un \u00e9crin sobre et raffin\u00e9, propice \u00e0 la mise en valeur des \u0153uvres de Sandra Hauffscheteder.<\/p>\n<p>L\u2019artiste a con\u00e7u une s\u00e9rie d\u2019interventions picturales int\u00e9gr\u00e9es directement aux espaces \u2014 fresques murales, toiles sur mesure, nuances travaill\u00e9es en r\u00e9sonance avec les mat\u00e9riaux et les orientations de la lumi\u00e8re. Ses compositions jouent avec les reflets changeants du jour, conf\u00e9rant au lieu une atmosph\u00e8re vivante et vibrante.<br \/>Le travail des architectes et celui de l\u2019artiste se r\u00e9pondent, formant un langage commun autour de la couleur, de la texture et de la lumi\u00e8re.<\/p>\n<p>Cette collaboration marque une approche nouvelle du luxe : un luxe discret, fond\u00e9 sur l\u2019\u00e9motion et la justesse, o\u00f9 chaque d\u00e9tail \u2014 du dessin des menuiseries \u00e0 la teinte des pigments \u2014 participe \u00e0 une harmonie globale.<br \/>L\u2019appartement, ainsi r\u00e9invent\u00e9, devient une v\u00e9ritable \u0153uvre habitable, fruit d\u2019une complicit\u00e9 artistique et d\u2019une vision partag\u00e9e entre architecture, mati\u00e8re et art.<\/p>\n<p>[\/et_pb_text][et_pb_text _builder_version=\u00a0\u00bb4.27.4&Prime; _module_preset=\u00a0\u00bbdefault\u00a0\u00bb text_text_color=\u00a0\u00bb#191615&Prime; text_font_size=\u00a0\u00bb12px\u00a0\u00bb text_line_height=\u00a0\u00bb0.1em\u00a0\u00bb header_text_color=\u00a0\u00bb#5a564c\u00a0\u00bb header_font_size=\u00a0\u00bb11px\u00a0\u00bb width=\u00a0\u00bb70%\u00a0\u00bb custom_margin=\u00a0\u00bb20px||||false|false\u00a0\u00bb custom_padding=\u00a0\u00bb0px||||false|false\u00a0\u00bb global_colors_info=\u00a0\u00bb{}\u00a0\u00bb]<\/p>\n<h1>Surface plancher<\/h1>\n<p>80 m2<\/p>\n<p>[\/et_pb_text][et_pb_text _builder_version=\u00a0\u00bb4.27.4&Prime; _module_preset=\u00a0\u00bbdefault\u00a0\u00bb text_text_color=\u00a0\u00bb#191615&Prime; text_font_size=\u00a0\u00bb12px\u00a0\u00bb text_line_height=\u00a0\u00bb1.3em\u00a0\u00bb header_text_color=\u00a0\u00bb#5a564c\u00a0\u00bb header_font_size=\u00a0\u00bb11px\u00a0\u00bb header_line_height=\u00a0\u00bb0.1em\u00a0\u00bb width=\u00a0\u00bb70%\u00a0\u00bb custom_margin=\u00a0\u00bb30px||||false|false\u00a0\u00bb custom_padding=\u00a0\u00bb0px||||false|false\u00a0\u00bb global_colors_info=\u00a0\u00bb{}\u00a0\u00bb]<\/p>\n<h1>Collaboration<\/h1>\n<p>Sandra Hauffscheteder \/ Artsite peintre et ma\u00eetre d&rsquo;ouvrage<\/p>\n<p>[\/et_pb_text][\/et_pb_column][et_pb_column type=\u00a0\u00bb2_3&Prime; _builder_version=\u00a0\u00bb4.16&Prime; _module_preset=\u00a0\u00bbdefault\u00a0\u00bb custom_css_main_element=\u00a0\u00bbfloat:right;\u00a0\u00bb global_colors_info=\u00a0\u00bb{}\u00a0\u00bb custom_css_main_element_last_edited=\u00a0\u00bbon|tablet\u00a0\u00bb custom_css_main_element_phone=\u00a0\u00bb||\u00a0\u00bb custom_css_main_element_tablet=\u00a0\u00bbfloat:right;\u00a0\u00bb][et_pb_image src=\u00a0\u00bbhttp:\/\/actstuv.cluster027.hosting.ovh.net\/wp-content\/uploads\/2022\/02\/chognard-trifilo-architectes-clichy-1.jpg\u00a0\u00bb title_text=\u00a0\u00bbchognard-trifilo-architectes-clichy-1&Prime; _builder_version=\u00a0\u00bb4.27.4&Prime; _module_preset=\u00a0\u00bbdefault\u00a0\u00bb custom_margin=\u00a0\u00bb0px||||false|false\u00a0\u00bb custom_margin_tablet=\u00a0\u00bb100px||||false|false\u00a0\u00bb custom_margin_phone=\u00a0\u00bb100px||||false|false\u00a0\u00bb custom_margin_last_edited=\u00a0\u00bbon|phone\u00a0\u00bb global_colors_info=\u00a0\u00bb{}\u00a0\u00bb][\/et_pb_image][et_pb_image src=\u00a0\u00bbhttps:\/\/actstudioarchitecture.com\/wp-content\/uploads\/2025\/11\/chognard-et-trifilo-architectes-saint-tropez-contemporaine-french-rivieira-appartement-luxe-la-ponche-04-scaled.jpg\u00a0\u00bb alt=\u00a0\u00bbchognard-trifilo-architectes-clichy-1&Prime; title_text=\u00a0\u00bbchognard et trifilo architectes saint tropez contemporaine french rivieira appartement luxe la ponche 04&Prime; admin_label=\u00a0\u00bbImage\u00a0\u00bb _builder_version=\u00a0\u00bb4.27.4&Prime; _module_preset=\u00a0\u00bbdefault\u00a0\u00bb global_colors_info=\u00a0\u00bb{}\u00a0\u00bb][\/et_pb_image][et_pb_image src=\u00a0\u00bbhttps:\/\/actstudioarchitecture.com\/wp-content\/uploads\/2025\/11\/chognard-et-trifilo-architectes-saint-tropez-contemporaine-french-rivieira-appartement-luxe-la-ponche-01-scaled.jpg\u00a0\u00bb alt=\u00a0\u00bbchognard-trifilo-architectes-clichy-2&Prime; title_text=\u00a0\u00bbchognard et trifilo architectes saint tropez contemporaine french rivieira appartement luxe la ponche 01&Prime; _builder_version=\u00a0\u00bb4.27.4&Prime; _module_preset=\u00a0\u00bbdefault\u00a0\u00bb global_colors_info=\u00a0\u00bb{}\u00a0\u00bb][\/et_pb_image][et_pb_image src=\u00a0\u00bbhttps:\/\/actstudioarchitecture.com\/wp-content\/uploads\/2025\/11\/chognard-et-trifilo-architectes-saint-tropez-contemporaine-french-rivieira-appartement-luxe-la-ponche-05-scaled.jpg\u00a0\u00bb alt=\u00a0\u00bbchognard-trifilo-architectes-clichy-4&Prime; title_text=\u00a0\u00bbchognard et trifilo architectes saint tropez contemporaine french rivieira appartement luxe la ponche 05&Prime; _builder_version=\u00a0\u00bb4.27.4&Prime; _module_preset=\u00a0\u00bbdefault\u00a0\u00bb global_colors_info=\u00a0\u00bb{}\u00a0\u00bb][\/et_pb_image][et_pb_image src=\u00a0\u00bbhttps:\/\/actstudioarchitecture.com\/wp-content\/uploads\/2025\/11\/chognard-et-trifilo-architectes-saint-tropez-contemporaine-french-rivieira-appartement-luxe-la-ponche-08-scaled.jpg\u00a0\u00bb alt=\u00a0\u00bbchognard-trifilo-architectes-clichy-5&Prime; title_text=\u00a0\u00bbchognard et trifilo architectes saint tropez contemporaine french rivieira appartement luxe la ponche 08&Prime; _builder_version=\u00a0\u00bb4.27.4&Prime; _module_preset=\u00a0\u00bbdefault\u00a0\u00bb global_colors_info=\u00a0\u00bb{}\u00a0\u00bb][\/et_pb_image][\/et_pb_column][\/et_pb_row][\/et_pb_section]<\/p>\n","protected":false},"excerpt":{"rendered":"<p>N-83Ann\u00e9e de construction 2025Intervention R\u00e9habilitation d&rsquo;un AppartementAu c\u0153ur du vieux village trop\u00e9zien, les architectes Chognard &amp; Trifilo signent la r\u00e9habilitation compl\u00e8te d\u2019un appartement de prestige, en collaboration \u00e9troite avec l\u2019artiste peintre Sandra Hauffscheteder.Cette rencontre entre architecture et art contemporain a donn\u00e9 naissance \u00e0 un lieu rare, \u00e0 la fois \u00e9pur\u00e9, lumineux et profond\u00e9ment ancr\u00e9 dans [&hellip;]<\/p>\n","protected":false},"author":1,"featured_media":0,"parent":0,"menu_order":0,"comment_status":"closed","ping_status":"closed","template":"","meta":{"_et_pb_use_builder":"on","_et_pb_old_content":"","_et_gb_content_width":"","footnotes":""},"class_list":["post-1781","page","type-page","status-publish","hentry"],"_links":{"self":[{"href":"https:\/\/actstudioarchitecture.com\/index.php\/wp-json\/wp\/v2\/pages\/1781","targetHints":{"allow":["GET"]}}],"collection":[{"href":"https:\/\/actstudioarchitecture.com\/index.php\/wp-json\/wp\/v2\/pages"}],"about":[{"href":"https:\/\/actstudioarchitecture.com\/index.php\/wp-json\/wp\/v2\/types\/page"}],"author":[{"embeddable":true,"href":"https:\/\/actstudioarchitecture.com\/index.php\/wp-json\/wp\/v2\/users\/1"}],"replies":[{"embeddable":true,"href":"https:\/\/actstudioarchitecture.com\/index.php\/wp-json\/wp\/v2\/comments?post=1781"}],"version-history":[{"count":17,"href":"https:\/\/actstudioarchitecture.com\/index.php\/wp-json\/wp\/v2\/pages\/1781\/revisions"}],"predecessor-version":[{"id":2854,"href":"https:\/\/actstudioarchitecture.com\/index.php\/wp-json\/wp\/v2\/pages\/1781\/revisions\/2854"}],"wp:attachment":[{"href":"https:\/\/actstudioarchitecture.com\/index.php\/wp-json\/wp\/v2\/media?parent=1781"}],"curies":[{"name":"wp","href":"https:\/\/api.w.org\/{rel}","templated":true}]}}