{"id":1761,"date":"2022-02-16T15:17:00","date_gmt":"2022-02-16T14:17:00","guid":{"rendered":"http:\/\/chognard-architectes.com\/?page_id=1761"},"modified":"2024-10-08T11:32:55","modified_gmt":"2024-10-08T09:32:55","slug":"m-98-mac-carthys","status":"publish","type":"page","link":"https:\/\/actstudioarchitecture.com\/index.php\/m-98-mac-carthys\/","title":{"rendered":"M-98-MAC-CARTHY&rsquo;S"},"content":{"rendered":"<p>[et_pb_section fb_built=\u00a0\u00bb1&Prime; _builder_version=\u00a0\u00bb4.16&Prime; _module_preset=\u00a0\u00bbdefault\u00a0\u00bb custom_margin=\u00a0\u00bb100px||||false|false\u00a0\u00bb animation_style=\u00a0\u00bbfade\u00a0\u00bb animation_duration=\u00a0\u00bb1300ms\u00a0\u00bb saved_tabs=\u00a0\u00bball\u00a0\u00bb global_colors_info=\u00a0\u00bb{}\u00a0\u00bb][et_pb_row column_structure=\u00a0\u00bb1_3,2_3&Prime; _builder_version=\u00a0\u00bb4.16&Prime; _module_preset=\u00a0\u00bbdefault\u00a0\u00bb width=\u00a0\u00bb100%\u00a0\u00bb max_width=\u00a0\u00bb2560px\u00a0\u00bb module_alignment=\u00a0\u00bbcenter\u00a0\u00bb global_colors_info=\u00a0\u00bb{}\u00a0\u00bb][et_pb_column type=\u00a0\u00bb1_3&Prime; _builder_version=\u00a0\u00bb4.16&Prime; _module_preset=\u00a0\u00bbdefault\u00a0\u00bb custom_padding=\u00a0\u00bb6vh|4%||4%|false|false\u00a0\u00bb custom_padding_tablet=\u00a0\u00bb50px|15%||15%|false|true\u00a0\u00bb custom_padding_phone=\u00a0\u00bb50px|15%||15%|false|true\u00a0\u00bb custom_padding_last_edited=\u00a0\u00bbon|desktop\u00a0\u00bb custom_css_main_element=\u00a0\u00bbposition:fixed;||top:100px;||||\u00a0\u00bb global_colors_info=\u00a0\u00bb{}\u00a0\u00bb custom_css_main_element_last_edited=\u00a0\u00bbon|phone\u00a0\u00bb custom_css_main_element_tablet=\u00a0\u00bbfloat:left;\u00a0\u00bb custom_css_main_element_phone=\u00a0\u00bbfloat:left;\u00a0\u00bb][et_pb_text _builder_version=\u00a0\u00bb4.16&Prime; _module_preset=\u00a0\u00bbdefault\u00a0\u00bb text_font_size=\u00a0\u00bb40px\u00a0\u00bb custom_margin=\u00a0\u00bb0px||||false|false\u00a0\u00bb custom_css_main_element=\u00a0\u00bbposition:relative;\u00a0\u00bb custom_css_after=\u00a0\u00bbposition:absolute;||bottom:-25px;||left:0;||content:%22%22;||width:20%;||height:1px;||background:#5a564c;\u00a0\u00bb global_colors_info=\u00a0\u00bb{}\u00a0\u00bb]<\/p>\n<p>M-98<\/p>\n<p>[\/et_pb_text][et_pb_text _builder_version=\u00a0\u00bb4.16&Prime; _module_preset=\u00a0\u00bbdefault\u00a0\u00bb text_text_color=\u00a0\u00bb#191615&Prime; text_font_size=\u00a0\u00bb12px\u00a0\u00bb text_line_height=\u00a0\u00bb0.1em\u00a0\u00bb header_text_color=\u00a0\u00bb#5a564c\u00a0\u00bb header_font_size=\u00a0\u00bb11px\u00a0\u00bb custom_margin=\u00a0\u00bb40px||||false|false\u00a0\u00bb custom_padding=\u00a0\u00bb0px||||false|false\u00a0\u00bb global_colors_info=\u00a0\u00bb{}\u00a0\u00bb]<\/p>\n<h1>Localit\u00e9<\/h1>\n<p>Principaut\u00e9 de Monaco<\/p>\n<p>[\/et_pb_text][et_pb_text _builder_version=\u00a0\u00bb4.16&Prime; _module_preset=\u00a0\u00bbdefault\u00a0\u00bb text_text_color=\u00a0\u00bb#191615&Prime; text_font_size=\u00a0\u00bb12px\u00a0\u00bb text_line_height=\u00a0\u00bb0.1em\u00a0\u00bb header_text_color=\u00a0\u00bb#5a564c\u00a0\u00bb header_font_size=\u00a0\u00bb11px\u00a0\u00bb custom_margin=\u00a0\u00bb20px||||false|false\u00a0\u00bb custom_padding=\u00a0\u00bb0px||||false|false\u00a0\u00bb global_colors_info=\u00a0\u00bb{}\u00a0\u00bb]<\/p>\n<h1>Ann\u00e9e de construction<\/h1>\n<p>2012<\/p>\n<p>[\/et_pb_text][et_pb_text _builder_version=\u00a0\u00bb4.16&Prime; _module_preset=\u00a0\u00bbdefault\u00a0\u00bb text_text_color=\u00a0\u00bb#191615&Prime; text_font_size=\u00a0\u00bb12px\u00a0\u00bb text_line_height=\u00a0\u00bb0.1em\u00a0\u00bb header_text_color=\u00a0\u00bb#5a564c\u00a0\u00bb header_font_size=\u00a0\u00bb11px\u00a0\u00bb min_height=\u00a0\u00bb38.4px\u00a0\u00bb custom_margin=\u00a0\u00bb20px||||false|false\u00a0\u00bb custom_padding=\u00a0\u00bb0px||||false|false\u00a0\u00bb global_colors_info=\u00a0\u00bb{}\u00a0\u00bb]<\/p>\n<h1>Intervention<\/h1>\n<p>R\u00e9agencement, d\u00e9coration int\u00e9rieure et cr\u00e9ation d&rsquo;une cuisine<\/p>\n<p>[\/et_pb_text][et_pb_text _builder_version=\u00a0\u00bb4.16&Prime; _module_preset=\u00a0\u00bbdefault\u00a0\u00bb text_text_color=\u00a0\u00bb#191615&Prime; text_font_size=\u00a0\u00bb12px\u00a0\u00bb text_line_height=\u00a0\u00bb1.3em\u00a0\u00bb header_text_color=\u00a0\u00bb#5a564c\u00a0\u00bb header_font_size=\u00a0\u00bb11px\u00a0\u00bb header_line_height=\u00a0\u00bb0.1em\u00a0\u00bb text_orientation=\u00a0\u00bbjustified\u00a0\u00bb width=\u00a0\u00bb100%\u00a0\u00bb width_tablet=\u00a0\u00bb100%\u00a0\u00bb width_phone=\u00a0\u00bb100%\u00a0\u00bb width_last_edited=\u00a0\u00bbon|desktop\u00a0\u00bb custom_margin=\u00a0\u00bb20px||||false|false\u00a0\u00bb custom_padding=\u00a0\u00bb0px|0%|||false|false\u00a0\u00bb custom_padding_tablet=\u00a0\u00bb0px|0%|||false|false\u00a0\u00bb custom_padding_phone=\u00a0\u00bb0px|0%|||false|false\u00a0\u00bb custom_padding_last_edited=\u00a0\u00bbon|desktop\u00a0\u00bb global_colors_info=\u00a0\u00bb{}\u00a0\u00bb]<\/p>\n<h1>Programme<\/h1>\n<p>Situ\u00e9 7 rue du Portier \u00e0 Monaco, le Mc CARTHY&rsquo;S est une institution depuis toujours bien connue des Mon\u00e9gasques, le projet consistait \u00e0 r\u00e9nover le concept et de pouvoir dor\u00e9navant y d\u00e9jeuner.<\/p>\n<p>[\/et_pb_text][et_pb_text _builder_version=\u00a0\u00bb4.16&Prime; _module_preset=\u00a0\u00bbdefault\u00a0\u00bb text_text_color=\u00a0\u00bb#191615&Prime; text_font_size=\u00a0\u00bb12px\u00a0\u00bb text_line_height=\u00a0\u00bb0.1em\u00a0\u00bb header_text_color=\u00a0\u00bb#5a564c\u00a0\u00bb header_font_size=\u00a0\u00bb11px\u00a0\u00bb width=\u00a0\u00bb70%\u00a0\u00bb custom_margin=\u00a0\u00bb20px||||false|false\u00a0\u00bb custom_padding=\u00a0\u00bb0px||||false|false\u00a0\u00bb global_colors_info=\u00a0\u00bb{}\u00a0\u00bb]<\/p>\n<h1>Surface plancher<\/h1>\n<p>140 m2<\/p>\n<p>[\/et_pb_text][\/et_pb_column][et_pb_column type=\u00a0\u00bb2_3&Prime; _builder_version=\u00a0\u00bb4.16&Prime; _module_preset=\u00a0\u00bbdefault\u00a0\u00bb custom_css_main_element=\u00a0\u00bbfloat:right;\u00a0\u00bb global_colors_info=\u00a0\u00bb{}\u00a0\u00bb custom_css_main_element_last_edited=\u00a0\u00bbon|tablet\u00a0\u00bb custom_css_main_element_phone=\u00a0\u00bb||\u00a0\u00bb custom_css_main_element_tablet=\u00a0\u00bbfloat:right;\u00a0\u00bb][et_pb_image src=\u00a0\u00bbhttps:\/\/actstudioarchitecture.com\/wp-content\/uploads\/2022\/02\/chognard-trifilo-architectes-mc-carthys-01.jpg\u00a0\u00bb title_text=\u00a0\u00bbchognard-trifilo-architectes-mc-carthys-01&Prime; _builder_version=\u00a0\u00bb4.27.2&Prime; _module_preset=\u00a0\u00bbdefault\u00a0\u00bb custom_margin=\u00a0\u00bb0px||1px||false|false\u00a0\u00bb custom_margin_tablet=\u00a0\u00bb100px||||false|false\u00a0\u00bb custom_margin_phone=\u00a0\u00bb100px||||false|false\u00a0\u00bb custom_margin_last_edited=\u00a0\u00bbon|phone\u00a0\u00bb hover_enabled=\u00a0\u00bb0&Prime; global_colors_info=\u00a0\u00bb{}\u00a0\u00bb alt=\u00a0\u00bbchognard-trifilo-architectes-mc-carthys-01&Prime; sticky_enabled=\u00a0\u00bb0&Prime;][\/et_pb_image][et_pb_image src=\u00a0\u00bbhttps:\/\/actstudioarchitecture.com\/wp-content\/uploads\/2022\/02\/chognard-trifilo-architectes-mc-carthys-03.jpg\u00a0\u00bb title_text=\u00a0\u00bbchognard-trifilo-architectes-mc-carthys-03&Prime; _builder_version=\u00a0\u00bb4.27.2&Prime; _module_preset=\u00a0\u00bbdefault\u00a0\u00bb hover_enabled=\u00a0\u00bb0&Prime; global_colors_info=\u00a0\u00bb{}\u00a0\u00bb alt=\u00a0\u00bbchognard-trifilo-architectes-mc-carthys-03&Prime; sticky_enabled=\u00a0\u00bb0&Prime; custom_margin=\u00a0\u00bb-2px|||||\u00a0\u00bb][\/et_pb_image][et_pb_image src=\u00a0\u00bbhttps:\/\/actstudioarchitecture.com\/wp-content\/uploads\/2022\/02\/chognard-trifilo-architectes-mc-carthys-02.jpg\u00a0\u00bb title_text=\u00a0\u00bbchognard-trifilo-architectes-mc-carthys-02&Prime; _builder_version=\u00a0\u00bb4.27.2&Prime; _module_preset=\u00a0\u00bbdefault\u00a0\u00bb hover_enabled=\u00a0\u00bb0&Prime; global_colors_info=\u00a0\u00bb{}\u00a0\u00bb alt=\u00a0\u00bbchognard-trifilo-architectes-mc-carthys-02&Prime; sticky_enabled=\u00a0\u00bb0&Prime;][\/et_pb_image][et_pb_image src=\u00a0\u00bbhttps:\/\/actstudioarchitecture.com\/wp-content\/uploads\/2022\/02\/chognard-trifilo-architectes-mc-carthys-04.jpg\u00a0\u00bb title_text=\u00a0\u00bbchognard-trifilo-architectes-mc-carthys-04&Prime; _builder_version=\u00a0\u00bb4.27.2&Prime; _module_preset=\u00a0\u00bbdefault\u00a0\u00bb hover_enabled=\u00a0\u00bb0&Prime; global_colors_info=\u00a0\u00bb{}\u00a0\u00bb alt=\u00a0\u00bbchognard-trifilo-architectes-mc-carthys-04&Prime; sticky_enabled=\u00a0\u00bb0&Prime;][\/et_pb_image][et_pb_image src=\u00a0\u00bbhttps:\/\/actstudioarchitecture.com\/wp-content\/uploads\/2022\/02\/chognard-trifilo-architectes-mc-carthys-05.jpg\u00a0\u00bb title_text=\u00a0\u00bbchognard-trifilo-architectes-mc-carthys-05&Prime; _builder_version=\u00a0\u00bb4.27.2&Prime; _module_preset=\u00a0\u00bbdefault\u00a0\u00bb hover_enabled=\u00a0\u00bb0&Prime; global_colors_info=\u00a0\u00bb{}\u00a0\u00bb alt=\u00a0\u00bbchognard-trifilo-architectes-mc-carthys-05&Prime; sticky_enabled=\u00a0\u00bb0&Prime;][\/et_pb_image][\/et_pb_column][\/et_pb_row][\/et_pb_section]<\/p>\n","protected":false},"excerpt":{"rendered":"<p>M-98Localit\u00e9 Principaut\u00e9 de MonacoAnn\u00e9e de construction 2012Intervention R\u00e9agencement, d\u00e9coration int\u00e9rieure et cr\u00e9ation d&rsquo;une cuisineProgramme Situ\u00e9 7 rue du Portier \u00e0 Monaco, le Mc CARTHY&rsquo;S est une institution depuis toujours bien connue des Mon\u00e9gasques, le projet consistait \u00e0 r\u00e9nover le concept et de pouvoir dor\u00e9navant y d\u00e9jeuner.Surface plancher 140 m2<\/p>\n","protected":false},"author":1,"featured_media":0,"parent":0,"menu_order":0,"comment_status":"closed","ping_status":"closed","template":"","meta":{"_et_pb_use_builder":"on","_et_pb_old_content":"","_et_gb_content_width":"","footnotes":""},"class_list":["post-1761","page","type-page","status-publish","hentry"],"_links":{"self":[{"href":"https:\/\/actstudioarchitecture.com\/index.php\/wp-json\/wp\/v2\/pages\/1761","targetHints":{"allow":["GET"]}}],"collection":[{"href":"https:\/\/actstudioarchitecture.com\/index.php\/wp-json\/wp\/v2\/pages"}],"about":[{"href":"https:\/\/actstudioarchitecture.com\/index.php\/wp-json\/wp\/v2\/types\/page"}],"author":[{"embeddable":true,"href":"https:\/\/actstudioarchitecture.com\/index.php\/wp-json\/wp\/v2\/users\/1"}],"replies":[{"embeddable":true,"href":"https:\/\/actstudioarchitecture.com\/index.php\/wp-json\/wp\/v2\/comments?post=1761"}],"version-history":[{"count":10,"href":"https:\/\/actstudioarchitecture.com\/index.php\/wp-json\/wp\/v2\/pages\/1761\/revisions"}],"predecessor-version":[{"id":2798,"href":"https:\/\/actstudioarchitecture.com\/index.php\/wp-json\/wp\/v2\/pages\/1761\/revisions\/2798"}],"wp:attachment":[{"href":"https:\/\/actstudioarchitecture.com\/index.php\/wp-json\/wp\/v2\/media?parent=1761"}],"curies":[{"name":"wp","href":"https:\/\/api.w.org\/{rel}","templated":true}]}}