{"id":1622,"date":"2022-02-16T12:41:38","date_gmt":"2022-02-16T11:41:38","guid":{"rendered":"http:\/\/chognard-architectes.com\/?page_id=1622"},"modified":"2024-10-08T11:46:50","modified_gmt":"2024-10-08T09:46:50","slug":"b-09-le-parvis","status":"publish","type":"page","link":"https:\/\/actstudioarchitecture.com\/index.php\/b-09-le-parvis\/","title":{"rendered":"B-09-LE PARVIS"},"content":{"rendered":"<p>[et_pb_section fb_built=\u00a0\u00bb1&Prime; _builder_version=\u00a0\u00bb4.16&Prime; _module_preset=\u00a0\u00bbdefault\u00a0\u00bb custom_margin_tablet=\u00a0\u00bb100px||||false|false\u00a0\u00bb custom_margin_phone=\u00a0\u00bb100px||||false|false\u00a0\u00bb custom_margin_last_edited=\u00a0\u00bbon|tablet\u00a0\u00bb animation_style=\u00a0\u00bbfade\u00a0\u00bb animation_duration=\u00a0\u00bb1300ms\u00a0\u00bb saved_tabs=\u00a0\u00bball\u00a0\u00bb global_colors_info=\u00a0\u00bb{}\u00a0\u00bb][et_pb_row column_structure=\u00a0\u00bb1_3,2_3&Prime; _builder_version=\u00a0\u00bb4.16&Prime; _module_preset=\u00a0\u00bbdefault\u00a0\u00bb width=\u00a0\u00bb100%\u00a0\u00bb max_width=\u00a0\u00bb2560px\u00a0\u00bb module_alignment=\u00a0\u00bbcenter\u00a0\u00bb global_colors_info=\u00a0\u00bb{}\u00a0\u00bb][et_pb_column type=\u00a0\u00bb1_3&Prime; _builder_version=\u00a0\u00bb4.16&Prime; _module_preset=\u00a0\u00bbdefault\u00a0\u00bb custom_padding=\u00a0\u00bb6vh|4%||4%|false|false\u00a0\u00bb custom_padding_tablet=\u00a0\u00bb50px|15%||15%|false|true\u00a0\u00bb custom_padding_phone=\u00a0\u00bb50px|15%||15%|false|true\u00a0\u00bb custom_padding_last_edited=\u00a0\u00bbon|desktop\u00a0\u00bb custom_css_main_element=\u00a0\u00bbposition:fixed;||top:100px;||||\u00a0\u00bb global_colors_info=\u00a0\u00bb{}\u00a0\u00bb custom_css_main_element_last_edited=\u00a0\u00bbon|phone\u00a0\u00bb custom_css_main_element_tablet=\u00a0\u00bbfloat:left;\u00a0\u00bb custom_css_main_element_phone=\u00a0\u00bbfloat:left;\u00a0\u00bb][et_pb_text _builder_version=\u00a0\u00bb4.16&Prime; _module_preset=\u00a0\u00bbdefault\u00a0\u00bb text_font_size=\u00a0\u00bb40px\u00a0\u00bb custom_margin=\u00a0\u00bb0px||||false|false\u00a0\u00bb custom_css_main_element=\u00a0\u00bbposition:relative;\u00a0\u00bb custom_css_after=\u00a0\u00bbposition:absolute;||bottom:-25px;||left:0;||content:%22%22;||width:20%;||height:1px;||background:#5a564c;\u00a0\u00bb global_colors_info=\u00a0\u00bb{}\u00a0\u00bb]<\/p>\n<p>B-09<\/p>\n<p>[\/et_pb_text][et_pb_text _builder_version=\u00a0\u00bb4.16&Prime; _module_preset=\u00a0\u00bbdefault\u00a0\u00bb text_text_color=\u00a0\u00bb#191615&Prime; text_font_size=\u00a0\u00bb12px\u00a0\u00bb text_line_height=\u00a0\u00bb0.1em\u00a0\u00bb header_text_color=\u00a0\u00bb#5a564c\u00a0\u00bb header_font_size=\u00a0\u00bb11px\u00a0\u00bb custom_margin=\u00a0\u00bb40px||||false|false\u00a0\u00bb custom_padding=\u00a0\u00bb0px||||false|false\u00a0\u00bb global_colors_info=\u00a0\u00bb{}\u00a0\u00bb]<\/p>\n<h1>Localit\u00e9<\/h1>\n<p>Marseille<\/p>\n<p>[\/et_pb_text][et_pb_text _builder_version=\u00a0\u00bb4.16&Prime; _module_preset=\u00a0\u00bbdefault\u00a0\u00bb text_text_color=\u00a0\u00bb#191615&Prime; text_font_size=\u00a0\u00bb12px\u00a0\u00bb text_line_height=\u00a0\u00bb0.1em\u00a0\u00bb header_text_color=\u00a0\u00bb#5a564c\u00a0\u00bb header_font_size=\u00a0\u00bb11px\u00a0\u00bb custom_margin=\u00a0\u00bb20px||||false|false\u00a0\u00bb custom_padding=\u00a0\u00bb0px||||false|false\u00a0\u00bb global_colors_info=\u00a0\u00bb{}\u00a0\u00bb]<\/p>\n<h1>Ann\u00e9e de construction<\/h1>\n<p>2015<\/p>\n<p>[\/et_pb_text][et_pb_text _builder_version=\u00a0\u00bb4.16&Prime; _module_preset=\u00a0\u00bbdefault\u00a0\u00bb text_text_color=\u00a0\u00bb#191615&Prime; text_font_size=\u00a0\u00bb12px\u00a0\u00bb text_line_height=\u00a0\u00bb0.1em\u00a0\u00bb header_text_color=\u00a0\u00bb#5a564c\u00a0\u00bb header_font_size=\u00a0\u00bb11px\u00a0\u00bb min_height=\u00a0\u00bb38.4px\u00a0\u00bb custom_margin=\u00a0\u00bb20px||||false|false\u00a0\u00bb custom_padding=\u00a0\u00bb0px||||false|false\u00a0\u00bb global_colors_info=\u00a0\u00bb{}\u00a0\u00bb]<\/p>\n<h1>Intervention<\/h1>\n<p>Cr\u00e9ation d&rsquo;un restaurant<\/p>\n<p>[\/et_pb_text][et_pb_text _builder_version=\u00a0\u00bb4.16&Prime; _module_preset=\u00a0\u00bbdefault\u00a0\u00bb text_text_color=\u00a0\u00bb#191615&Prime; text_font_size=\u00a0\u00bb12px\u00a0\u00bb text_line_height=\u00a0\u00bb1.3em\u00a0\u00bb header_text_color=\u00a0\u00bb#5a564c\u00a0\u00bb header_font_size=\u00a0\u00bb11px\u00a0\u00bb header_line_height=\u00a0\u00bb0.1em\u00a0\u00bb text_orientation=\u00a0\u00bbjustified\u00a0\u00bb width=\u00a0\u00bb100%\u00a0\u00bb width_tablet=\u00a0\u00bb100%\u00a0\u00bb width_phone=\u00a0\u00bb100%\u00a0\u00bb width_last_edited=\u00a0\u00bbon|desktop\u00a0\u00bb custom_margin=\u00a0\u00bb20px||||false|false\u00a0\u00bb custom_padding=\u00a0\u00bb0px|0%|||false|false\u00a0\u00bb custom_padding_tablet=\u00a0\u00bb0px|0%|||false|false\u00a0\u00bb custom_padding_phone=\u00a0\u00bb0px|0%|||false|false\u00a0\u00bb custom_padding_last_edited=\u00a0\u00bbon|desktop\u00a0\u00bb global_colors_info=\u00a0\u00bb{}\u00a0\u00bb]<\/p>\n<h1>Programme<\/h1>\n<p>Sur le Quai de la Tourette dans le 2\u00e8me arrondissement de Marseille, Le Parvis b\u00e9n\u00e9ficie d&rsquo;un emplacement plein de charme \u00e0 quelques pas de la mer M\u00e9diterran\u00e9e dans un cadre \u00e0 la fois marin et industriel.<\/p>\n<p>[\/et_pb_text][et_pb_text _builder_version=\u00a0\u00bb4.16&Prime; _module_preset=\u00a0\u00bbdefault\u00a0\u00bb text_text_color=\u00a0\u00bb#191615&Prime; text_font_size=\u00a0\u00bb12px\u00a0\u00bb text_line_height=\u00a0\u00bb0.1em\u00a0\u00bb header_text_color=\u00a0\u00bb#5a564c\u00a0\u00bb header_font_size=\u00a0\u00bb11px\u00a0\u00bb width=\u00a0\u00bb70%\u00a0\u00bb custom_margin=\u00a0\u00bb20px||||false|false\u00a0\u00bb custom_padding=\u00a0\u00bb0px||||false|false\u00a0\u00bb global_colors_info=\u00a0\u00bb{}\u00a0\u00bb]<\/p>\n<h1>Surface plancher<\/h1>\n<p>390 m2<\/p>\n<p>[\/et_pb_text][et_pb_text _builder_version=\u00a0\u00bb4.16&Prime; _module_preset=\u00a0\u00bbdefault\u00a0\u00bb text_text_color=\u00a0\u00bb#191615&Prime; text_font_size=\u00a0\u00bb12px\u00a0\u00bb text_line_height=\u00a0\u00bb1.3em\u00a0\u00bb header_text_color=\u00a0\u00bb#5a564c\u00a0\u00bb header_font_size=\u00a0\u00bb11px\u00a0\u00bb header_line_height=\u00a0\u00bb0.1em\u00a0\u00bb width=\u00a0\u00bb70%\u00a0\u00bb custom_margin=\u00a0\u00bb30px||||false|false\u00a0\u00bb custom_padding=\u00a0\u00bb0px||||false|false\u00a0\u00bb global_colors_info=\u00a0\u00bb{}\u00a0\u00bb]<\/p>\n<h1>Collaboration<\/h1>\n<p>Jonathan lauzat\u00a0: Architecte Int\u00e9rieur<br \/>Michel Cohen\u00a0: Cgm expertbat<\/p>\n<p>[\/et_pb_text][\/et_pb_column][et_pb_column type=\u00a0\u00bb2_3&Prime; _builder_version=\u00a0\u00bb4.16&Prime; _module_preset=\u00a0\u00bbdefault\u00a0\u00bb custom_css_main_element=\u00a0\u00bbfloat:right;\u00a0\u00bb global_colors_info=\u00a0\u00bb{}\u00a0\u00bb custom_css_main_element_last_edited=\u00a0\u00bbon|tablet\u00a0\u00bb custom_css_main_element_phone=\u00a0\u00bb||\u00a0\u00bb custom_css_main_element_tablet=\u00a0\u00bbfloat:right;\u00a0\u00bb][et_pb_image src=\u00a0\u00bbhttps:\/\/actstudioarchitecture.com\/wp-content\/uploads\/2022\/02\/chognard-trifilo-architectes-LE-PARVIS-MARSEILLE-4.jpg\u00a0\u00bb alt=\u00a0\u00bbchognard-trifilo-architectes-LE-PARVIS-MARSEILLE-4&Prime; title_text=\u00a0\u00bbchognard-trifilo-architectes-LE-PARVIS-MARSEILLE-4&Prime; _builder_version=\u00a0\u00bb4.16&Prime; _module_preset=\u00a0\u00bbdefault\u00a0\u00bb custom_margin=\u00a0\u00bb0px||||false|false\u00a0\u00bb custom_margin_tablet=\u00a0\u00bb100px||||false|false\u00a0\u00bb custom_margin_phone=\u00a0\u00bb100px||||false|false\u00a0\u00bb custom_margin_last_edited=\u00a0\u00bbon|phone\u00a0\u00bb global_colors_info=\u00a0\u00bb{}\u00a0\u00bb][\/et_pb_image][et_pb_image src=\u00a0\u00bbhttps:\/\/actstudioarchitecture.com\/wp-content\/uploads\/2022\/02\/chognard-trifilo-architectes-LE-PARVIS-MARSEILLE-5.jpg\u00a0\u00bb title_text=\u00a0\u00bbchognard-trifilo-architectes-LE-PARVIS-MARSEILLE-5&Prime; _builder_version=\u00a0\u00bb4.27.2&Prime; _module_preset=\u00a0\u00bbdefault\u00a0\u00bb hover_enabled=\u00a0\u00bb0&Prime; global_colors_info=\u00a0\u00bb{}\u00a0\u00bb alt=\u00a0\u00bbchognard-trifilo-architectes-LE-PARVIS-MARSEILLE-5&Prime; sticky_enabled=\u00a0\u00bb0&Prime;][\/et_pb_image][et_pb_image src=\u00a0\u00bbhttps:\/\/actstudioarchitecture.com\/wp-content\/uploads\/2022\/02\/chognard-trifilo-architectes-LE-PARVIS-MARSEILLE-3.jpg\u00a0\u00bb alt=\u00a0\u00bbchognard-trifilo-architectes-LE-PARVIS-MARSEILLE-3&Prime; title_text=\u00a0\u00bbchognard-trifilo-architectes-LE-PARVIS-MARSEILLE-3&Prime; _builder_version=\u00a0\u00bb4.16&Prime; _module_preset=\u00a0\u00bbdefault\u00a0\u00bb global_colors_info=\u00a0\u00bb{}\u00a0\u00bb][\/et_pb_image][et_pb_image src=\u00a0\u00bbhttps:\/\/actstudioarchitecture.com\/wp-content\/uploads\/2022\/02\/chognard-trifilo-architectes-LE-PARVIS-MARSEILLE-2.jpg\u00a0\u00bb title_text=\u00a0\u00bbchognard-trifilo-architectes-LE-PARVIS-MARSEILLE-2&Prime; _builder_version=\u00a0\u00bb4.27.2&Prime; _module_preset=\u00a0\u00bbdefault\u00a0\u00bb hover_enabled=\u00a0\u00bb0&Prime; global_colors_info=\u00a0\u00bb{}\u00a0\u00bb alt=\u00a0\u00bbchognard-trifilo-architectes-LE-PARVIS-MARSEILLE-2&Prime; sticky_enabled=\u00a0\u00bb0&Prime;][\/et_pb_image][et_pb_image src=\u00a0\u00bbhttps:\/\/actstudioarchitecture.com\/wp-content\/uploads\/2022\/02\/chognard-trifilo-architectes-LE-PARVIS-MARSEILLE-1.jpg\u00a0\u00bb title_text=\u00a0\u00bbchognard-trifilo-architectes-LE-PARVIS-MARSEILLE-1&Prime; _builder_version=\u00a0\u00bb4.27.2&Prime; _module_preset=\u00a0\u00bbdefault\u00a0\u00bb hover_enabled=\u00a0\u00bb0&Prime; global_colors_info=\u00a0\u00bb{}\u00a0\u00bb alt=\u00a0\u00bbchognard-trifilo-architectes-LE-PARVIS-MARSEILLE-1&Prime; sticky_enabled=\u00a0\u00bb0&Prime;][\/et_pb_image][\/et_pb_column][\/et_pb_row][\/et_pb_section]<\/p>\n","protected":false},"excerpt":{"rendered":"<p>B-09Localit\u00e9 MarseilleAnn\u00e9e de construction 2015Intervention Cr\u00e9ation d&rsquo;un restaurantProgramme Sur le Quai de la Tourette dans le 2\u00e8me arrondissement de Marseille, Le Parvis b\u00e9n\u00e9ficie d&rsquo;un emplacement plein de charme \u00e0 quelques pas de la mer M\u00e9diterran\u00e9e dans un cadre \u00e0 la fois marin et industriel.Surface plancher 390 m2Collaboration Jonathan lauzat\u00a0: Architecte Int\u00e9rieurMichel Cohen\u00a0: Cgm expertbat<\/p>\n","protected":false},"author":1,"featured_media":0,"parent":0,"menu_order":0,"comment_status":"closed","ping_status":"closed","template":"","meta":{"_et_pb_use_builder":"on","_et_pb_old_content":"","_et_gb_content_width":"","footnotes":""},"class_list":["post-1622","page","type-page","status-publish","hentry"],"_links":{"self":[{"href":"https:\/\/actstudioarchitecture.com\/index.php\/wp-json\/wp\/v2\/pages\/1622","targetHints":{"allow":["GET"]}}],"collection":[{"href":"https:\/\/actstudioarchitecture.com\/index.php\/wp-json\/wp\/v2\/pages"}],"about":[{"href":"https:\/\/actstudioarchitecture.com\/index.php\/wp-json\/wp\/v2\/types\/page"}],"author":[{"embeddable":true,"href":"https:\/\/actstudioarchitecture.com\/index.php\/wp-json\/wp\/v2\/users\/1"}],"replies":[{"embeddable":true,"href":"https:\/\/actstudioarchitecture.com\/index.php\/wp-json\/wp\/v2\/comments?post=1622"}],"version-history":[{"count":16,"href":"https:\/\/actstudioarchitecture.com\/index.php\/wp-json\/wp\/v2\/pages\/1622\/revisions"}],"predecessor-version":[{"id":2801,"href":"https:\/\/actstudioarchitecture.com\/index.php\/wp-json\/wp\/v2\/pages\/1622\/revisions\/2801"}],"wp:attachment":[{"href":"https:\/\/actstudioarchitecture.com\/index.php\/wp-json\/wp\/v2\/media?parent=1622"}],"curies":[{"name":"wp","href":"https:\/\/api.w.org\/{rel}","templated":true}]}}