{"id":1552,"date":"2022-02-16T12:14:00","date_gmt":"2022-02-16T11:14:00","guid":{"rendered":"http:\/\/chognard-architectes.com\/?page_id=1552"},"modified":"2025-12-07T09:53:24","modified_gmt":"2025-12-07T08:53:24","slug":"b-93-le-pres-saint-gervais","status":"publish","type":"page","link":"https:\/\/actstudioarchitecture.com\/index.php\/b-93-le-pres-saint-gervais\/","title":{"rendered":"B-93-LE-PRES-SAINT-GERVAIS"},"content":{"rendered":"<p>[et_pb_section fb_built=\u00a0\u00bb1&Prime; _builder_version=\u00a0\u00bb4.16&Prime; _module_preset=\u00a0\u00bbdefault\u00a0\u00bb custom_margin_tablet=\u00a0\u00bb100px||||false|false\u00a0\u00bb custom_margin_phone=\u00a0\u00bb100px||||false|false\u00a0\u00bb custom_margin_last_edited=\u00a0\u00bbon|tablet\u00a0\u00bb animation_style=\u00a0\u00bbfade\u00a0\u00bb animation_duration=\u00a0\u00bb1300ms\u00a0\u00bb saved_tabs=\u00a0\u00bball\u00a0\u00bb global_colors_info=\u00a0\u00bb{}\u00a0\u00bb][et_pb_row column_structure=\u00a0\u00bb1_3,2_3&Prime; _builder_version=\u00a0\u00bb4.16&Prime; _module_preset=\u00a0\u00bbdefault\u00a0\u00bb width=\u00a0\u00bb100%\u00a0\u00bb max_width=\u00a0\u00bb2560px\u00a0\u00bb module_alignment=\u00a0\u00bbcenter\u00a0\u00bb global_colors_info=\u00a0\u00bb{}\u00a0\u00bb][et_pb_column type=\u00a0\u00bb1_3&Prime; _builder_version=\u00a0\u00bb4.16&Prime; _module_preset=\u00a0\u00bbdefault\u00a0\u00bb custom_padding=\u00a0\u00bb6vh|4%||4%|false|false\u00a0\u00bb custom_padding_tablet=\u00a0\u00bb50px|15%||15%|false|true\u00a0\u00bb custom_padding_phone=\u00a0\u00bb50px|15%||15%|false|true\u00a0\u00bb custom_padding_last_edited=\u00a0\u00bbon|desktop\u00a0\u00bb custom_css_main_element=\u00a0\u00bbposition:fixed;||top:100px;||||\u00a0\u00bb global_colors_info=\u00a0\u00bb{}\u00a0\u00bb custom_css_main_element_last_edited=\u00a0\u00bbon|phone\u00a0\u00bb custom_css_main_element_tablet=\u00a0\u00bbfloat:left;\u00a0\u00bb custom_css_main_element_phone=\u00a0\u00bbfloat:left;\u00a0\u00bb][et_pb_text _builder_version=\u00a0\u00bb4.27.4&Prime; _module_preset=\u00a0\u00bbdefault\u00a0\u00bb text_font_size=\u00a0\u00bb40px\u00a0\u00bb custom_margin=\u00a0\u00bb0px||||false|false\u00a0\u00bb custom_css_main_element=\u00a0\u00bbposition:relative;\u00a0\u00bb custom_css_after=\u00a0\u00bbposition:absolute;||bottom:-25px;||left:0;||content:%22%22;||width:20%;||height:1px;||background:#5a564c;\u00a0\u00bb global_colors_info=\u00a0\u00bb{}\u00a0\u00bb]<\/p>\n<p>CS-13<\/p>\n<p>[\/et_pb_text][et_pb_text _builder_version=\u00a0\u00bb4.27.4&Prime; _module_preset=\u00a0\u00bbdefault\u00a0\u00bb text_text_color=\u00a0\u00bb#191615&Prime; text_font_size=\u00a0\u00bb12px\u00a0\u00bb text_line_height=\u00a0\u00bb0.1em\u00a0\u00bb header_text_color=\u00a0\u00bb#5a564c\u00a0\u00bb header_font_size=\u00a0\u00bb11px\u00a0\u00bb custom_margin=\u00a0\u00bb40px||||false|false\u00a0\u00bb custom_padding=\u00a0\u00bb0px||||false|false\u00a0\u00bb global_colors_info=\u00a0\u00bb{}\u00a0\u00bb]<\/p>\n<h1>Localit\u00e9<\/h1>\n<p>Saint-Remy-de-Provence\u00a0<\/p>\n<p>[\/et_pb_text][et_pb_text _builder_version=\u00a0\u00bb4.27.4&Prime; _module_preset=\u00a0\u00bbdefault\u00a0\u00bb text_text_color=\u00a0\u00bb#191615&Prime; text_font_size=\u00a0\u00bb12px\u00a0\u00bb text_line_height=\u00a0\u00bb0.1em\u00a0\u00bb header_text_color=\u00a0\u00bb#5a564c\u00a0\u00bb header_font_size=\u00a0\u00bb11px\u00a0\u00bb custom_margin=\u00a0\u00bb20px||||false|false\u00a0\u00bb custom_padding=\u00a0\u00bb0px||||false|false\u00a0\u00bb global_colors_info=\u00a0\u00bb{}\u00a0\u00bb]<\/p>\n<h1>Ann\u00e9e de construction<\/h1>\n<p>2023<\/p>\n<p>[\/et_pb_text][et_pb_text _builder_version=\u00a0\u00bb4.16&Prime; _module_preset=\u00a0\u00bbdefault\u00a0\u00bb text_text_color=\u00a0\u00bb#191615&Prime; text_font_size=\u00a0\u00bb12px\u00a0\u00bb text_line_height=\u00a0\u00bb0.1em\u00a0\u00bb header_text_color=\u00a0\u00bb#5a564c\u00a0\u00bb header_font_size=\u00a0\u00bb11px\u00a0\u00bb min_height=\u00a0\u00bb38.4px\u00a0\u00bb custom_margin=\u00a0\u00bb20px||||false|false\u00a0\u00bb custom_padding=\u00a0\u00bb0px||||false|false\u00a0\u00bb global_colors_info=\u00a0\u00bb{}\u00a0\u00bb]<\/p>\n<h1>Intervention<\/h1>\n<p>Extension, sur\u00e9l\u00e9vation et r\u00e9habilitation d&rsquo;une maison<\/p>\n<p>[\/et_pb_text][et_pb_text _builder_version=\u00a0\u00bb4.27.4&Prime; _module_preset=\u00a0\u00bbdefault\u00a0\u00bb text_text_color=\u00a0\u00bb#191615&Prime; text_font_size=\u00a0\u00bb12px\u00a0\u00bb text_line_height=\u00a0\u00bb1.3em\u00a0\u00bb header_text_color=\u00a0\u00bb#5a564c\u00a0\u00bb header_font_size=\u00a0\u00bb11px\u00a0\u00bb header_line_height=\u00a0\u00bb0.1em\u00a0\u00bb text_orientation=\u00a0\u00bbjustified\u00a0\u00bb width=\u00a0\u00bb100%\u00a0\u00bb width_tablet=\u00a0\u00bb100%\u00a0\u00bb width_phone=\u00a0\u00bb100%\u00a0\u00bb width_last_edited=\u00a0\u00bbon|desktop\u00a0\u00bb custom_margin=\u00a0\u00bb20px||||false|false\u00a0\u00bb custom_padding=\u00a0\u00bb0px|0%|||false|false\u00a0\u00bb custom_padding_tablet=\u00a0\u00bb0px|0%|||false|false\u00a0\u00bb custom_padding_phone=\u00a0\u00bb0px|0%|||false|false\u00a0\u00bb custom_padding_last_edited=\u00a0\u00bbon|desktop\u00a0\u00bb global_colors_info=\u00a0\u00bb{}\u00a0\u00bb]<\/p>\n<h1>Programme<\/h1>\n<p data-start=\"475\" data-end=\"821\">Au c\u0153ur du paysage proven\u00e7al, l\u2019Atelier Chognard &amp; Trifolo a sign\u00e9 la transformation et l\u2019extension d\u2019une maison ancienne, typique de l\u2019architecture r\u00e9gionale. Le projet consistait \u00e0 cr\u00e9er une extension contemporaine de 150 m\u00b2, en dialogue harmonieux avec l\u2019existant, tout en affirmant une \u00e9criture architecturale r\u00e9solument actuelle.<\/p>\n<p data-start=\"862\" data-end=\"1404\">L\u2019intervention repose sur un principe fondamental : pr\u00e9server l\u2019identit\u00e9 de la maison d\u2019origine tout en lui donnant une nouvelle vie.<br data-start=\"999\" data-end=\"1002\" \/>Les architectes ont men\u00e9 un travail minutieux d\u2019observation et d\u2019analyse du site : proportions, mat\u00e9rialit\u00e9, orientation et rapport au paysage.<br data-start=\"1145\" data-end=\"1148\" \/>La partie existante, en pierre locale, a \u00e9t\u00e9 restaur\u00e9e dans son authenticit\u00e9 tandis que l\u2019extension se d\u00e9veloppe en retrait, dans une posture de respect et de compl\u00e9mentarit\u00e9.<\/p>\n<p data-start=\"1458\" data-end=\"1954\">La nouvelle construction, en enduit chaux et parement de pierres\u00a0s\u2019ouvre largement sur le jardin et la lumi\u00e8re du sud. Les lignes horizontales et les grandes baies vitr\u00e9es contrastent volontairement avec la verticalit\u00e9 et la massivit\u00e9 de la b\u00e2tisse ancienne, cr\u00e9ant un dialogue \u00e9quilibr\u00e9 entre ancrage et l\u00e9g\u00e8ret\u00e9.<br data-start=\"1771\" data-end=\"1774\" \/>Les architectes ont cherch\u00e9 \u00e0 capter la lumi\u00e8re naturelle \u00e0 chaque moment de la journ\u00e9e, en travaillant les d\u00e9bords de toiture, les cadrages visuels.<\/p>\n<p>[\/et_pb_text][et_pb_text _builder_version=\u00a0\u00bb4.27.4&Prime; _module_preset=\u00a0\u00bbdefault\u00a0\u00bb text_text_color=\u00a0\u00bb#191615&Prime; text_font_size=\u00a0\u00bb12px\u00a0\u00bb text_line_height=\u00a0\u00bb0.1em\u00a0\u00bb header_text_color=\u00a0\u00bb#5a564c\u00a0\u00bb header_font_size=\u00a0\u00bb11px\u00a0\u00bb width=\u00a0\u00bb70%\u00a0\u00bb custom_margin=\u00a0\u00bb20px||||false|false\u00a0\u00bb custom_padding=\u00a0\u00bb0px||||false|false\u00a0\u00bb global_colors_info=\u00a0\u00bb{}\u00a0\u00bb]<\/p>\n<h1>Surface plancher<\/h1>\n<p>150 m2<\/p>\n<p>[\/et_pb_text][\/et_pb_column][et_pb_column type=\u00a0\u00bb2_3&Prime; _builder_version=\u00a0\u00bb4.16&Prime; _module_preset=\u00a0\u00bbdefault\u00a0\u00bb custom_css_main_element=\u00a0\u00bbfloat:right;\u00a0\u00bb global_colors_info=\u00a0\u00bb{}\u00a0\u00bb custom_css_main_element_last_edited=\u00a0\u00bbon|tablet\u00a0\u00bb custom_css_main_element_phone=\u00a0\u00bb||\u00a0\u00bb custom_css_main_element_tablet=\u00a0\u00bbfloat:right;\u00a0\u00bb][et_pb_image src=\u00a0\u00bbhttp:\/\/actstuv.cluster027.hosting.ovh.net\/wp-content\/uploads\/2022\/02\/chognard-trifilo-architectes-LE-PRES-SAINT-GERVAIS-1.jpg\u00a0\u00bb title_text=\u00a0\u00bbchognard-trifilo-architectes-LE-PRES-SAINT-GERVAIS-1&Prime; _builder_version=\u00a0\u00bb4.16&Prime; _module_preset=\u00a0\u00bbdefault\u00a0\u00bb custom_margin=\u00a0\u00bb0px||||false|false\u00a0\u00bb custom_margin_tablet=\u00a0\u00bb100px||||false|false\u00a0\u00bb custom_margin_phone=\u00a0\u00bb100px||||false|false\u00a0\u00bb custom_margin_last_edited=\u00a0\u00bbon|phone\u00a0\u00bb global_colors_info=\u00a0\u00bb{}\u00a0\u00bb][\/et_pb_image][et_pb_image src=\u00a0\u00bbhttps:\/\/actstudioarchitecture.com\/wp-content\/uploads\/2025\/11\/St-remy-de-provence-architecture-design-chognard-et-trifilo-architectes-villa-luxe-03-scaled.jpg\u00a0\u00bb alt=\u00a0\u00bbchognard-trifilo-architectes-LE-PRES-SAINT-GERVAIS-1&Prime; title_text=\u00a0\u00bbSt remy de provence architecture design chognard et trifilo architectes villa luxe 03&Prime; _builder_version=\u00a0\u00bb4.27.4&Prime; _module_preset=\u00a0\u00bbdefault\u00a0\u00bb custom_margin=\u00a0\u00bb||6px|||\u00a0\u00bb custom_padding=\u00a0\u00bb14px||0px|||\u00a0\u00bb global_colors_info=\u00a0\u00bb{}\u00a0\u00bb][\/et_pb_image][et_pb_image src=\u00a0\u00bbhttps:\/\/actstudioarchitecture.com\/wp-content\/uploads\/2025\/11\/St-remy-de-provence-architecture-design-chognard-et-trifilo-architectes-villa-luxe-02-scaled.jpg\u00a0\u00bb alt=\u00a0\u00bbchognard-trifilo-architectes-LE-PRES-SAINT-GERVAIS-2&Prime; title_text=\u00a0\u00bbSt remy de provence architecture design chognard et trifilo architectes villa luxe 02&Prime; _builder_version=\u00a0\u00bb4.27.4&Prime; _module_preset=\u00a0\u00bbdefault\u00a0\u00bb min_height=\u00a0\u00bb762px\u00a0\u00bb custom_margin=\u00a0\u00bb-66px||6px|||\u00a0\u00bb custom_padding=\u00a0\u00bb||0px|||\u00a0\u00bb global_colors_info=\u00a0\u00bb{}\u00a0\u00bb][\/et_pb_image][et_pb_image src=\u00a0\u00bbhttps:\/\/actstudioarchitecture.com\/wp-content\/uploads\/2025\/11\/St-remy-de-provence-architecture-design-chognard-et-trifilo-architectes-villa-luxe-05-scaled.jpg\u00a0\u00bb alt=\u00a0\u00bbchognard-trifilo-architectes-LE-PRES-SAINT-GERVAIS-3&Prime; title_text=\u00a0\u00bbSt remy de provence architecture design chognard et trifilo architectes villa luxe 05&Prime; _builder_version=\u00a0\u00bb4.27.4&Prime; _module_preset=\u00a0\u00bbdefault\u00a0\u00bb min_height=\u00a0\u00bb653px\u00a0\u00bb custom_margin=\u00a0\u00bb||6px|||\u00a0\u00bb custom_padding=\u00a0\u00bb0px||0px|||\u00a0\u00bb global_colors_info=\u00a0\u00bb{}\u00a0\u00bb][\/et_pb_image][et_pb_image src=\u00a0\u00bbhttps:\/\/actstudioarchitecture.com\/wp-content\/uploads\/2025\/11\/St-remy-de-provence-architecture-design-chognard-et-trifilo-architectes-villa-luxe-06-scaled.jpg\u00a0\u00bb alt=\u00a0\u00bbchognard-trifilo-architectes-LE-PRES-SAINT-GERVAIS-4&Prime; title_text=\u00a0\u00bbSt remy de provence architecture design chognard et trifilo architectes villa luxe 06&Prime; _builder_version=\u00a0\u00bb4.27.5&Prime; _module_preset=\u00a0\u00bbdefault\u00a0\u00bb min_height=\u00a0\u00bb692px\u00a0\u00bb custom_margin=\u00a0\u00bb||6px|||\u00a0\u00bb custom_padding=\u00a0\u00bb4px||18px|||\u00a0\u00bb hover_enabled=\u00a0\u00bb0&Prime; global_colors_info=\u00a0\u00bb{}\u00a0\u00bb sticky_enabled=\u00a0\u00bb0&Prime;][\/et_pb_image][dizo_image_hover button_url_new_window=\u00a0\u00bb1&Prime; module_link_url_new_window=\u00a0\u00bb1&Prime; _builder_version=\u00a0\u00bb4.27.2&Prime; _module_preset=\u00a0\u00bbdefault\u00a0\u00bb global_colors_info=\u00a0\u00bb{}\u00a0\u00bb][\/dizo_image_hover][dizo_image_hover button_url_new_window=\u00a0\u00bb1&Prime; module_link_url_new_window=\u00a0\u00bb1&Prime; _builder_version=\u00a0\u00bb4.27.2&Prime; _module_preset=\u00a0\u00bbdefault\u00a0\u00bb global_colors_info=\u00a0\u00bb{}\u00a0\u00bb][\/dizo_image_hover][dizo_image_hover button_url_new_window=\u00a0\u00bb1&Prime; module_link_url_new_window=\u00a0\u00bb1&Prime; _builder_version=\u00a0\u00bb4.27.2&Prime; _module_preset=\u00a0\u00bbdefault\u00a0\u00bb global_colors_info=\u00a0\u00bb{}\u00a0\u00bb][\/dizo_image_hover][dizo_image_hover button_url_new_window=\u00a0\u00bb1&Prime; module_link_url_new_window=\u00a0\u00bb1&Prime; _builder_version=\u00a0\u00bb4.27.2&Prime; _module_preset=\u00a0\u00bbdefault\u00a0\u00bb global_colors_info=\u00a0\u00bb{}\u00a0\u00bb][\/dizo_image_hover][\/et_pb_column][\/et_pb_row][\/et_pb_section]<\/p>\n","protected":false},"excerpt":{"rendered":"<p>CS-13Localit\u00e9 Saint-Remy-de-Provence\u00a0Ann\u00e9e de construction 2023Intervention Extension, sur\u00e9l\u00e9vation et r\u00e9habilitation d&rsquo;une maisonProgramme Au c\u0153ur du paysage proven\u00e7al, l\u2019Atelier Chognard &amp; Trifolo a sign\u00e9 la transformation et l\u2019extension d\u2019une maison ancienne, typique de l\u2019architecture r\u00e9gionale. Le projet consistait \u00e0 cr\u00e9er une extension contemporaine de 150 m\u00b2, en dialogue harmonieux avec l\u2019existant, tout en affirmant une \u00e9criture architecturale [&hellip;]<\/p>\n","protected":false},"author":1,"featured_media":0,"parent":0,"menu_order":0,"comment_status":"closed","ping_status":"closed","template":"","meta":{"_et_pb_use_builder":"on","_et_pb_old_content":"","_et_gb_content_width":"","footnotes":""},"class_list":["post-1552","page","type-page","status-publish","hentry"],"_links":{"self":[{"href":"https:\/\/actstudioarchitecture.com\/index.php\/wp-json\/wp\/v2\/pages\/1552","targetHints":{"allow":["GET"]}}],"collection":[{"href":"https:\/\/actstudioarchitecture.com\/index.php\/wp-json\/wp\/v2\/pages"}],"about":[{"href":"https:\/\/actstudioarchitecture.com\/index.php\/wp-json\/wp\/v2\/types\/page"}],"author":[{"embeddable":true,"href":"https:\/\/actstudioarchitecture.com\/index.php\/wp-json\/wp\/v2\/users\/1"}],"replies":[{"embeddable":true,"href":"https:\/\/actstudioarchitecture.com\/index.php\/wp-json\/wp\/v2\/comments?post=1552"}],"version-history":[{"count":34,"href":"https:\/\/actstudioarchitecture.com\/index.php\/wp-json\/wp\/v2\/pages\/1552\/revisions"}],"predecessor-version":[{"id":2948,"href":"https:\/\/actstudioarchitecture.com\/index.php\/wp-json\/wp\/v2\/pages\/1552\/revisions\/2948"}],"wp:attachment":[{"href":"https:\/\/actstudioarchitecture.com\/index.php\/wp-json\/wp\/v2\/media?parent=1552"}],"curies":[{"name":"wp","href":"https:\/\/api.w.org\/{rel}","templated":true}]}}