{"id":12,"date":"2022-01-14T11:07:03","date_gmt":"2022-01-14T10:07:03","guid":{"rendered":"http:\/\/chognard-architectes.com\/?page_id=12"},"modified":"2026-03-11T10:55:13","modified_gmt":"2026-03-11T09:55:13","slug":"agence","status":"publish","type":"page","link":"https:\/\/actstudioarchitecture.com\/index.php\/agence\/","title":{"rendered":"agence"},"content":{"rendered":"<p>[et_pb_section fb_built=\u00a0\u00bb1&Prime; _builder_version=\u00a0\u00bb4.16&Prime; _module_preset=\u00a0\u00bbdefault\u00a0\u00bb width=\u00a0\u00bb100%\u00a0\u00bb module_alignment=\u00a0\u00bbcenter\u00a0\u00bb custom_margin=\u00a0\u00bb0px||||false|false\u00a0\u00bb animation_style=\u00a0\u00bbfade\u00a0\u00bb animation_duration=\u00a0\u00bb1300ms\u00a0\u00bb global_colors_info=\u00a0\u00bb{}\u00a0\u00bb][et_pb_row _builder_version=\u00a0\u00bb4.27.5&Prime; _module_preset=\u00a0\u00bbdefault\u00a0\u00bb width=\u00a0\u00bb100%\u00a0\u00bb max_width=\u00a0\u00bb2560px\u00a0\u00bb module_alignment=\u00a0\u00bbleft\u00a0\u00bb min_height=\u00a0\u00bb8px\u00a0\u00bb custom_margin=\u00a0\u00bb0px|auto|133px|auto|false|false\u00a0\u00bb custom_margin_tablet=\u00a0\u00bb0px||||false|false\u00a0\u00bb custom_margin_phone=\u00a0\u00bb0px||||false|false\u00a0\u00bb custom_margin_last_edited=\u00a0\u00bbon|phone\u00a0\u00bb custom_padding=\u00a0\u00bb||0px|||\u00a0\u00bb global_colors_info=\u00a0\u00bb{}\u00a0\u00bb][et_pb_column type=\u00a0\u00bb4_4&Prime; _builder_version=\u00a0\u00bb4.16&Prime; _module_preset=\u00a0\u00bbdefault\u00a0\u00bb background_color=\u00a0\u00bb#191615&Prime; global_colors_info=\u00a0\u00bb{}\u00a0\u00bb][\/et_pb_column][\/et_pb_row][et_pb_row column_structure=\u00a0\u00bb1_3,2_3&Prime; _builder_version=\u00a0\u00bb4.27.5&Prime; _module_preset=\u00a0\u00bbdefault\u00a0\u00bb width=\u00a0\u00bb100%\u00a0\u00bb max_width=\u00a0\u00bb2560px\u00a0\u00bb min_height=\u00a0\u00bb2.4px\u00a0\u00bb custom_margin=\u00a0\u00bb-181px|auto|0px|auto|false|false\u00a0\u00bb custom_padding=\u00a0\u00bb0px||0px||false|false\u00a0\u00bb global_colors_info=\u00a0\u00bb{}\u00a0\u00bb][et_pb_column type=\u00a0\u00bb1_3&Prime; _builder_version=\u00a0\u00bb4.16&Prime; _module_preset=\u00a0\u00bbdefault\u00a0\u00bb background_color=\u00a0\u00bbRGBA(255,255,255,0)\u00a0\u00bb custom_padding=\u00a0\u00bb||150px||false|false\u00a0\u00bb custom_padding_tablet=\u00a0\u00bb||50px||false|false\u00a0\u00bb custom_padding_phone=\u00a0\u00bb||50px||false|false\u00a0\u00bb custom_padding_last_edited=\u00a0\u00bbon|phone\u00a0\u00bb background_color_tablet=\u00a0\u00bb#5A564C\u00a0\u00bb background_last_edited=\u00a0\u00bbon|tablet\u00a0\u00bb background_enable_color_tablet=\u00a0\u00bbon\u00a0\u00bb global_colors_info=\u00a0\u00bb{}\u00a0\u00bb][et_pb_text _builder_version=\u00a0\u00bb4.27.5&Prime; _module_preset=\u00a0\u00bbdefault\u00a0\u00bb text_font_size=\u00a0\u00bb50px\u00a0\u00bb background_color=\u00a0\u00bbRGBA(255,255,255,0)\u00a0\u00bb min_height=\u00a0\u00bb14.6px\u00a0\u00bb custom_margin=\u00a0\u00bb210px|0px|||false|false\u00a0\u00bb custom_margin_tablet=\u00a0\u00bb50px|0px|||false|false\u00a0\u00bb custom_margin_phone=\u00a0\u00bb50px|0px|||false|false\u00a0\u00bb custom_margin_last_edited=\u00a0\u00bbon|tablet\u00a0\u00bb custom_padding=\u00a0\u00bb||0px||false|false\u00a0\u00bb text_text_color_tablet=\u00a0\u00bb#D6D4D4&Prime; text_text_color_phone=\u00a0\u00bb#D6D4D4&Prime; text_text_color_last_edited=\u00a0\u00bbon|desktop\u00a0\u00bb text_font_size_tablet=\u00a0\u00bb50px\u00a0\u00bb text_font_size_phone=\u00a0\u00bb40px\u00a0\u00bb text_font_size_last_edited=\u00a0\u00bbon|phone\u00a0\u00bb background_color_tablet=\u00a0\u00bbRGBA(255,255,255,0)\u00a0\u00bb background_last_edited=\u00a0\u00bbon|tablet\u00a0\u00bb background_enable_color_tablet=\u00a0\u00bbon\u00a0\u00bb custom_css_main_element=\u00a0\u00bbfont-weight:300;\u00a0\u00bb global_colors_info=\u00a0\u00bb{}\u00a0\u00bb]<\/p>\n<h2 style=\"text-align: center;\">modus operandi<\/h2>\n<p>[\/et_pb_text][\/et_pb_column][et_pb_column type=\u00a0\u00bb2_3&Prime; _builder_version=\u00a0\u00bb4.16&Prime; _module_preset=\u00a0\u00bbdefault\u00a0\u00bb background_color=\u00a0\u00bb#EEEBEB\u00a0\u00bb custom_padding=\u00a0\u00bb6%|7%|6%|7%|true|true\u00a0\u00bb custom_padding_tablet=\u00a0\u00bb0%|7%|0%|7%|true|true\u00a0\u00bb custom_padding_phone=\u00a0\u00bb0%||0%||true|true\u00a0\u00bb custom_padding_last_edited=\u00a0\u00bbon|tablet\u00a0\u00bb global_colors_info=\u00a0\u00bb{}\u00a0\u00bb][et_pb_text _builder_version=\u00a0\u00bb4.27.6&Prime; _module_preset=\u00a0\u00bbdefault\u00a0\u00bb text_font_size=\u00a0\u00bb19px\u00a0\u00bb text_line_height=\u00a0\u00bb1.6em\u00a0\u00bb background_color=\u00a0\u00bbRGBA(255,255,255,0)\u00a0\u00bb width=\u00a0\u00bb100%\u00a0\u00bb width_tablet=\u00a0\u00bb100%\u00a0\u00bb width_phone=\u00a0\u00bb80%\u00a0\u00bb width_last_edited=\u00a0\u00bbon|phone\u00a0\u00bb module_alignment=\u00a0\u00bbcenter\u00a0\u00bb min_height=\u00a0\u00bb227.2px\u00a0\u00bb custom_margin_tablet=\u00a0\u00bb\u00a0\u00bb custom_margin_phone=\u00a0\u00bb|0px||0px|true|true\u00a0\u00bb custom_margin_last_edited=\u00a0\u00bbon|desktop\u00a0\u00bb custom_padding=\u00a0\u00bb0px||0px||true|false\u00a0\u00bb hover_enabled=\u00a0\u00bb0&Prime; text_font_size_tablet=\u00a0\u00bb19px\u00a0\u00bb text_font_size_phone=\u00a0\u00bb16px\u00a0\u00bb text_font_size_last_edited=\u00a0\u00bbon|phone\u00a0\u00bb custom_css_main_element=\u00a0\u00bbfont-weight:300;\u00a0\u00bb global_colors_info=\u00a0\u00bb{}\u00a0\u00bb sticky_enabled=\u00a0\u00bb0&Prime;]<\/p>\n<p data-start=\"150\" data-end=\"470\"><span style=\"font-size: medium;\"><strong data-start=\"150\" data-end=\"225\">Notre architecture ne se conforme \u00e0 aucun lexique ni \u00e0 un langage fig\u00e9.<\/strong><\/span><\/p>\n<p data-start=\"150\" data-end=\"470\" style=\"text-align: justify;\"><br data-start=\"225\" data-end=\"228\" \/><span style=\"font-size: medium;\">Chaque projet est l\u2019occasion de r\u00e9inventer un vocabulaire propre \u00e0 un contexte singulier. Plut\u00f4t que de rechercher des similitudes entre nos r\u00e9alisations, nous explorons leurs diff\u00e9rences. <\/span><\/p>\n<p data-start=\"150\" data-end=\"470\" style=\"text-align: justify;\"><span style=\"font-size: medium;\">Comme si chaque projet naissait d\u2019une page blanche.<\/span><\/p>\n<p data-start=\"472\" data-end=\"673\"><span style=\"font-size: medium;\">C\u2019est dans cette id\u00e9e d\u2019innovation que r\u00e9side notre motivation : une d\u00e9marche exp\u00e9rimentale o\u00f9 nous mettons \u00e0 l\u2019\u00e9preuve de nouveaux concepts, nourris par notre sensibilit\u00e9 et par ce qui nous fascine.<\/span><\/p>\n<p>[\/et_pb_text][\/et_pb_column][\/et_pb_row][et_pb_row column_structure=\u00a0\u00bb1_3,1_3,1_3&Prime; _builder_version=\u00a0\u00bb4.16&Prime; _module_preset=\u00a0\u00bbdefault\u00a0\u00bb width=\u00a0\u00bb100%\u00a0\u00bb width_tablet=\u00a0\u00bb100%\u00a0\u00bb width_phone=\u00a0\u00bb100%\u00a0\u00bb width_last_edited=\u00a0\u00bbon|tablet\u00a0\u00bb max_width=\u00a0\u00bb2560px\u00a0\u00bb min_height=\u00a0\u00bb843.9px\u00a0\u00bb custom_margin=\u00a0\u00bb-302px|auto|-82px|auto|false|false\u00a0\u00bb custom_padding=\u00a0\u00bb203px||0px||false|false\u00a0\u00bb global_colors_info=\u00a0\u00bb{}\u00a0\u00bb][et_pb_column type=\u00a0\u00bb1_3&Prime; _builder_version=\u00a0\u00bb4.16&Prime; _module_preset=\u00a0\u00bbdefault\u00a0\u00bb background_color=\u00a0\u00bbRGBA(255,255,255,0)\u00a0\u00bb custom_padding=\u00a0\u00bb||0px||false|false\u00a0\u00bb global_colors_info=\u00a0\u00bb{}\u00a0\u00bb][et_pb_image src=\u00a0\u00bbhttps:\/\/actstudioarchitecture.com\/wp-content\/uploads\/2026\/01\/Contact-scaled.jpg\u00a0\u00bb alt=\u00a0\u00bbchognard-et-trifilo-architectes-portrait\u00a0\u00bb title_text=\u00a0\u00bbphotos-fondateurs\u00a0\u00bb _builder_version=\u00a0\u00bb4.27.5&Prime; _module_preset=\u00a0\u00bbdefault\u00a0\u00bb width=\u00a0\u00bb100%\u00a0\u00bb max_width=\u00a0\u00bb100%\u00a0\u00bb custom_margin=\u00a0\u00bb|2px||0px|false|false\u00a0\u00bb custom_padding=\u00a0\u00bb|0px|3px|0px|false|false\u00a0\u00bb global_colors_info=\u00a0\u00bb{}\u00a0\u00bb][\/et_pb_image][\/et_pb_column][et_pb_column type=\u00a0\u00bb1_3&Prime; _builder_version=\u00a0\u00bb4.16&Prime; _module_preset=\u00a0\u00bbdefault\u00a0\u00bb background_color=\u00a0\u00bbRGBA(255,255,255,0)\u00a0\u00bb custom_padding=\u00a0\u00bb3vh|0px||0px|false|true\u00a0\u00bb custom_padding_tablet=\u00a0\u00bb6vh||||false|true\u00a0\u00bb custom_padding_phone=\u00a0\u00bb6vh||||false|true\u00a0\u00bb custom_padding_last_edited=\u00a0\u00bbon|phone\u00a0\u00bb custom_css_main_element=\u00a0\u00bbmargin-top:6vh;\u00a0\u00bb border_width_bottom=\u00a0\u00bb0px\u00a0\u00bb global_colors_info=\u00a0\u00bb{}\u00a0\u00bb][et_pb_text _builder_version=\u00a0\u00bb4.27.6&Prime; _module_preset=\u00a0\u00bbdefault\u00a0\u00bb text_line_height=\u00a0\u00bb1.9em\u00a0\u00bb text_orientation=\u00a0\u00bbcenter\u00a0\u00bb width=\u00a0\u00bb100%\u00a0\u00bb min_height=\u00a0\u00bb284.6px\u00a0\u00bb custom_margin=\u00a0\u00bb-71px|0px|0px|0px|false|false\u00a0\u00bb custom_padding=\u00a0\u00bb|10%||10%|false|true\u00a0\u00bb border_width_right=\u00a0\u00bb1px\u00a0\u00bb border_color_right=\u00a0\u00bb#726340&Prime; global_colors_info=\u00a0\u00bb{}\u00a0\u00bb]<\/p>\n<h3 data-start=\"162\" data-end=\"211\" style=\"text-align: center;\"><span style=\"font-size: small;\"><strong data-start=\"166\" data-end=\"211\"><\/strong><\/span><\/h3>\n<h3 data-start=\"162\" data-end=\"211\" style=\"text-align: center;\"><span style=\"font-size: small;\"><strong data-start=\"166\" data-end=\"211\">Ludovic Chognard-Trifilo,\u00a0<\/strong><\/span><\/h3>\n<p data-start=\"213\" data-end=\"457\" style=\"text-align: justify;\"><span style=\"font-size: small;\">Ludovic Chognard-Trifilo a \u00e9tudi\u00e9 au <strong data-start=\"250\" data-end=\"307\">D\u00e9partement d\u2019Architecture de l\u2019Universit\u00e9 de Coimbra <\/strong>(Portugal) de 2001 \u00e0 2005, avant d\u2019obtenir son dipl\u00f4me d\u2019architecte \u00e0 l\u2019<strong data-start=\"380\" data-end=\"446\">\u00c9cole Nationale Sup\u00e9rieure d\u2019Architecture de Paris-La Villette<\/strong> en 2007.<\/span><\/p>\n<p data-start=\"459\" data-end=\"695\" style=\"text-align: justify;\"><span style=\"font-size: small;\">Apr\u00e8s plusieurs exp\u00e9riences au sein d\u2019agences d\u2019architecture parisiennes, il co-fonde en 2010, aux c\u00f4t\u00e9s de <strong data-start=\"566\" data-end=\"584\">Beno\u00eet Emorine<\/strong> et <strong data-start=\"588\" data-end=\"607\">Doroth\u00e9e Delbos<\/strong>, l\u2019agence <strong data-start=\"618\" data-end=\"648\">Mode d\u2019Emploi Architecture<\/strong>, o\u00f9 il d\u00e9veloppe ses premi\u00e8res r\u00e9alisations. <\/span><span style=\"font-size: small;\">il s\u2019associe \u00e9galement avec <\/span><strong data-start=\"729\" data-end=\"746\" style=\"font-size: small;\">Xavier Devaux<\/strong><span style=\"font-size: small;\"> au sein de <\/span><strong data-start=\"758\" data-end=\"789\" style=\"font-size: small;\">Paris\/Bruxelles Architectes<\/strong><span style=\"font-size: small;\">, une collaboration durable qui se poursuit encore aujourd\u2019hui \u00e0 travers de nombreux projets, en France.<\/span><\/p>\n<p data-start=\"918\" data-end=\"1082\" style=\"text-align: justify;\"><span style=\"font-size: small;\">Son parcours s\u2019inscrit dans une d\u00e9marche ouverte et exigeante, cherchant \u00e0 conjuguer rigueur conceptuelle, sensibilit\u00e9 contextuelle et\u00a0 architecturale.<\/span><\/p>\n<p>[\/et_pb_text][\/et_pb_column][et_pb_column type=\u00a0\u00bb1_3&Prime; _builder_version=\u00a0\u00bb4.16&Prime; _module_preset=\u00a0\u00bbdefault\u00a0\u00bb background_color=\u00a0\u00bbRGBA(255,255,255,0)\u00a0\u00bb custom_padding=\u00a0\u00bb3vh|0px||0px|false|true\u00a0\u00bb custom_padding_tablet=\u00a0\u00bb6vh||||false|true\u00a0\u00bb custom_padding_phone=\u00a0\u00bb6vh||||false|true\u00a0\u00bb custom_padding_last_edited=\u00a0\u00bbon|phone\u00a0\u00bb custom_css_main_element=\u00a0\u00bbmargin-top:6vh;\u00a0\u00bb global_colors_info=\u00a0\u00bb{}\u00a0\u00bb][et_pb_text content_tablet=\u00a0\u00bb<\/p>\n<p style=%22text-align: justify;%22>Olivier Chognard-Trifilo est dipl\u00f4m\u00e9 de l&rsquo;ENSA Clermont-Ferrand en 2003.<\/p>\n<p style=%22text-align: justify;%22>Habilit\u00e9e \u00e0 la ma\u00eetrise d&rsquo;\u0153uvre \u00e9galement, il commence tout d&rsquo;abord \u00e0 son compte en 2003 puis b\u00e2tit son exp\u00e9rience au travers de ses diff\u00e9rentes <strong>Agences \u00e0 Clermont Ferrand, Paris et Marseille<\/strong> avant de fonder en collaboration avec son fr\u00e8re l&rsquo;agence Chognard &#038; Trifilo architectes \u00e0 Paris en 2009.<\/p>\n<p>\u00a0\u00bb content_phone=\u00a0\u00bb<\/p>\n<p style=%22text-align: justify;%22>Olivier Chognard-Trifilo est dipl\u00f4m\u00e9 de l&rsquo;ENSA Clermont-Ferrand en 2003.<\/p>\n<p style=%22text-align: justify;%22>Habilit\u00e9e \u00e0 la ma\u00eetrise d&rsquo;\u0153uvre \u00e9galement, il commence tout d&rsquo;abord \u00e0 son compte en 2003 puis b\u00e2tit son exp\u00e9rience au travers de ses diff\u00e9rentes <strong>Agences \u00e0 Clermont Ferrand, Paris et Marseille<\/strong> avant de fonder en collaboration avec son fr\u00e8re l&rsquo;agence Chognard &#038; Trifilo architectes \u00e0 Paris en 2009.<\/p>\n<p>\u00a0\u00bb content_last_edited=\u00a0\u00bbon|tablet\u00a0\u00bb _builder_version=\u00a0\u00bb4.27.6&Prime; _module_preset=\u00a0\u00bbdefault\u00a0\u00bb text_line_height=\u00a0\u00bb1.9em\u00a0\u00bb text_orientation=\u00a0\u00bbcenter\u00a0\u00bb width=\u00a0\u00bb100%\u00a0\u00bb min_height=\u00a0\u00bb349px\u00a0\u00bb custom_margin=\u00a0\u00bb-72px|0px|70px|0px|false|false\u00a0\u00bb custom_padding=\u00a0\u00bb0px|10%||10%|false|true\u00a0\u00bb global_colors_info=\u00a0\u00bb{}\u00a0\u00bb]<\/p>\n<h3 data-start=\"147\" data-end=\"196\"><span style=\"font-size: small;\"><strong data-start=\"151\" data-end=\"196\"><\/strong><\/span><\/h3>\n<h3 data-start=\"147\" data-end=\"196\"><span style=\"font-size: small;\"><strong data-start=\"151\" data-end=\"196\">Olivier Chognard-Trifilo,<\/strong><\/span><\/h3>\n<p data-start=\"198\" data-end=\"579\" style=\"text-align: justify;\"><span style=\"font-size: small;\">Olivier Chognard-Trifilo est dipl\u00f4m\u00e9 de l\u2019<strong data-start=\"240\" data-end=\"305\">\u00c9cole Nationale Sup\u00e9rieure d\u2019Architecture de Clermont-Ferrand<\/strong> en 2003. Habilit\u00e9 \u00e0 la ma\u00eetrise d\u2019\u0153uvre, il d\u00e9bute son activit\u00e9 en tant qu\u2019ind\u00e9pendant avant de poursuivre son parcours au sein de diff\u00e9rentes agences \u00e0 <strong data-start=\"459\" data-end=\"479\">Clermont-Ferrand<\/strong>, <strong data-start=\"481\" data-end=\"490\">Paris<\/strong> et <strong data-start=\"494\" data-end=\"507\">Marseille<\/strong>, o\u00f9 il consolide son exp\u00e9rience et affine sa d\u00e9marche architecturale.<\/span><\/p>\n<p data-start=\"581\" data-end=\"830\" style=\"text-align: justify;\">\n<hr data-start=\"832\" data-end=\"835\" \/>\n<p data-start=\"837\" data-end=\"1004\" data-is-last-node=\"\" data-is-only-node=\"\" style=\"text-align: justify;\">[\/et_pb_text][\/et_pb_column][\/et_pb_row][et_pb_row column_structure=\u00a0\u00bb1_6,1_6,1_6,1_6,1_6,1_6&Prime; _builder_version=\u00a0\u00bb4.16&Prime; _module_preset=\u00a0\u00bbdefault\u00a0\u00bb background_color=\u00a0\u00bb#191615&Prime; width=\u00a0\u00bb100%\u00a0\u00bb max_width=\u00a0\u00bb2560px\u00a0\u00bb custom_padding=\u00a0\u00bb0px|||||\u00a0\u00bb global_colors_info=\u00a0\u00bb{}\u00a0\u00bb][et_pb_column type=\u00a0\u00bb1_6&Prime; _builder_version=\u00a0\u00bb4.16&Prime; _module_preset=\u00a0\u00bbdefault\u00a0\u00bb global_colors_info=\u00a0\u00bb{}\u00a0\u00bb][\/et_pb_column][et_pb_column type=\u00a0\u00bb1_6&Prime; _builder_version=\u00a0\u00bb4.16&Prime; _module_preset=\u00a0\u00bbdefault\u00a0\u00bb global_colors_info=\u00a0\u00bb{}\u00a0\u00bb][\/et_pb_column][et_pb_column type=\u00a0\u00bb1_6&Prime; _builder_version=\u00a0\u00bb4.16&Prime; _module_preset=\u00a0\u00bbdefault\u00a0\u00bb global_colors_info=\u00a0\u00bb{}\u00a0\u00bb][\/et_pb_column][et_pb_column type=\u00a0\u00bb1_6&Prime; _builder_version=\u00a0\u00bb4.16&Prime; _module_preset=\u00a0\u00bbdefault\u00a0\u00bb global_colors_info=\u00a0\u00bb{}\u00a0\u00bb][\/et_pb_column][et_pb_column type=\u00a0\u00bb1_6&Prime; _builder_version=\u00a0\u00bb4.16&Prime; _module_preset=\u00a0\u00bbdefault\u00a0\u00bb global_colors_info=\u00a0\u00bb{}\u00a0\u00bb][\/et_pb_column][et_pb_column type=\u00a0\u00bb1_6&Prime; _builder_version=\u00a0\u00bb4.16&Prime; _module_preset=\u00a0\u00bbdefault\u00a0\u00bb global_colors_info=\u00a0\u00bb{}\u00a0\u00bb][et_pb_image src=\u00a0\u00bbhttp:\/\/actstuv.cluster027.hosting.ovh.net\/wp-content\/uploads\/2022\/02\/logo-fond-noir-1.png\u00a0\u00bb title_text=\u00a0\u00bblogo-fond-noir-1&Prime; _builder_version=\u00a0\u00bb4.16&Prime; _module_preset=\u00a0\u00bbdefault\u00a0\u00bb width=\u00a0\u00bb30%\u00a0\u00bb module_alignment=\u00a0\u00bbright\u00a0\u00bb custom_margin=\u00a0\u00bb||||false|false\u00a0\u00bb custom_padding=\u00a0\u00bb20px|10%|20px||true|false\u00a0\u00bb global_colors_info=\u00a0\u00bb{}\u00a0\u00bb][\/et_pb_image][\/et_pb_column][\/et_pb_row][\/et_pb_section]<\/p>\n","protected":false},"excerpt":{"rendered":"<p>modus operandiNotre architecture ne se conforme \u00e0 aucun lexique ni \u00e0 un langage fig\u00e9. Chaque projet est l\u2019occasion de r\u00e9inventer un vocabulaire propre \u00e0 un contexte singulier. Plut\u00f4t que de rechercher des similitudes entre nos r\u00e9alisations, nous explorons leurs diff\u00e9rences. Comme si chaque projet naissait d\u2019une page blanche. C\u2019est dans cette id\u00e9e d\u2019innovation que r\u00e9side [&hellip;]<\/p>\n","protected":false},"author":1,"featured_media":0,"parent":0,"menu_order":0,"comment_status":"closed","ping_status":"closed","template":"","meta":{"_et_pb_use_builder":"on","_et_pb_old_content":"","_et_gb_content_width":"","footnotes":""},"class_list":["post-12","page","type-page","status-publish","hentry"],"_links":{"self":[{"href":"https:\/\/actstudioarchitecture.com\/index.php\/wp-json\/wp\/v2\/pages\/12","targetHints":{"allow":["GET"]}}],"collection":[{"href":"https:\/\/actstudioarchitecture.com\/index.php\/wp-json\/wp\/v2\/pages"}],"about":[{"href":"https:\/\/actstudioarchitecture.com\/index.php\/wp-json\/wp\/v2\/types\/page"}],"author":[{"embeddable":true,"href":"https:\/\/actstudioarchitecture.com\/index.php\/wp-json\/wp\/v2\/users\/1"}],"replies":[{"embeddable":true,"href":"https:\/\/actstudioarchitecture.com\/index.php\/wp-json\/wp\/v2\/comments?post=12"}],"version-history":[{"count":132,"href":"https:\/\/actstudioarchitecture.com\/index.php\/wp-json\/wp\/v2\/pages\/12\/revisions"}],"predecessor-version":[{"id":3004,"href":"https:\/\/actstudioarchitecture.com\/index.php\/wp-json\/wp\/v2\/pages\/12\/revisions\/3004"}],"wp:attachment":[{"href":"https:\/\/actstudioarchitecture.com\/index.php\/wp-json\/wp\/v2\/media?parent=12"}],"curies":[{"name":"wp","href":"https:\/\/api.w.org\/{rel}","templated":true}]}}